{"id":740,"date":"2020-05-19T14:36:33","date_gmt":"2020-05-19T13:36:33","guid":{"rendered":"https:\/\/www.betopin.com\/cl\/?page_id=740"},"modified":"2020-06-04T11:26:58","modified_gmt":"2020-06-04T14:26:58","slug":"neteller-casinos","status":"publish","type":"page","link":"https:\/\/www.betopin.com\/cl\/casinos-online\/metodos-de-pago\/neteller-casinos\/","title":{"rendered":"neteller-casinos"},"content":{"rendered":"<h1><span id=\"Los_mejores_casinos_Neteller_en_Chile\">Los mejores casinos Neteller en Chile<\/span><\/h1>\n<p><strong>Neteller<\/strong> es una popular billetera electr\u00f3nica conocida por su seguridad, velocidad y facilidad de uso. Muchos <strong>casinos en l\u00ednea<\/strong> de todo el mundo ofrecen con gusto Neteller como una de las <a href=\"https:\/\/www.betopin.com\/cl\/casinos-online\/metodos-de-pago\/\">mejores opciones de pago<\/a> en los \u00faltimos a\u00f1os. <strong>Chile<\/strong> ten\u00eda lo que conocemos como una relaci\u00f3n de amor-odio con esta popular billetera electr\u00f3nica.<\/p>\n<p>Neteller era muy apreciado por los<strong> jugadores chilenos<\/strong>, pero en un momento dado la empresa cambi\u00f3 su pol\u00edtica y los dep\u00f3sitos del casino Neteller ya no estaban disponibles para los chilenos. Sin embargo, la renombrada billetera electr\u00f3nica parece estar ofreciendo sus servicios a los jugadores de Chile una vez m\u00e1s.<\/p>\n<p>Operada por el Grupo Paysafe y con sede en la Isla de Man, Neteller es una empresa que r\u00e1pidamente reemplaz\u00f3 a los bancos en las <strong>transacciones en l\u00ednea<\/strong>, ya que mantiene los fondos de los usuarios en cuentas separadas. Ser un patrocinador corporativo del club de f\u00fatbol Crystal Palace habla de su fiabilidad y liquidez.<\/p>\n<p><strong>En este texto, lo descubrir\u00e1s:<\/strong><\/p>\n<ul>\n<li>C\u00f3mo funcionan los dep\u00f3sitos del casino Neteller<\/li>\n<li>C\u00f3mo elegir el mejor casino Neteller<\/li>\n<li>\u00bfCu\u00e1les son algunos pros y contras de los casinos Neteller<\/li>\n<li>\u00bfQu\u00e9 es Neteller y por qu\u00e9 deber\u00edas apostar con \u00e9l?<\/li>\n<\/ul>\n<p>Sin m\u00e1s pre\u00e1mbulos, vayamos al grano.<\/p>\n<div id=\"toc_container\" class=\"no_bullets\"><p class=\"toc_title\">Contents<\/p><ul class=\"toc_list\"><li><a href=\"#Los_mejores_casinos_Neteller_en_Chile\"><span class=\"toc_number toc_depth_1\">1<\/span> Los mejores casinos Neteller en Chile<\/a><ul><li><a href=\"#Como_funcionan_los_depositos_de_casinos_con_Neteller\"><span class=\"toc_number toc_depth_2\">1.1<\/span> \u00bfC\u00f3mo funcionan los dep\u00f3sitos de casinos con Neteller?<\/a><\/li><li><a href=\"#Eligiendo_el_mejor_casino_Chileno_Neteller\"><span class=\"toc_number toc_depth_2\">1.2<\/span> Eligiendo el mejor casino Chileno Neteller<\/a><ul><li><a href=\"#Legalidad_y_seguridad\"><span class=\"toc_number toc_depth_3\">1.2.1<\/span> Legalidad y seguridad<\/a><\/li><li><a href=\"#Proceso_de_registro\"><span class=\"toc_number toc_depth_3\">1.2.2<\/span> Proceso de registro<\/a><\/li><li><a href=\"#Terminos_y_condiciones_de_la_bonificacion_de_cheques\"><span class=\"toc_number toc_depth_3\">1.2.3<\/span> T\u00e9rminos y condiciones de la bonificaci\u00f3n de cheques<\/a><\/li><li><a href=\"#Comprobando_las_revisiones\"><span class=\"toc_number toc_depth_3\">1.2.4<\/span> Comprobando las revisiones<\/a><\/li><\/ul><\/li><li><a href=\"#Ventajas_y_desventajas_de_los_casinos_Neteller\"><span class=\"toc_number toc_depth_2\">1.3<\/span> Ventajas y desventajas de los casinos Neteller<\/a><ul><li><a href=\"#Pros\"><span class=\"toc_number toc_depth_3\">1.3.1<\/span> Pros<\/a><\/li><li><a href=\"#Contras\"><span class=\"toc_number toc_depth_3\">1.3.2<\/span> Contras<\/a><\/li><\/ul><\/li><li><a href=\"#Que_es_Neteller_y_por_que_deberia_usarlo_para_los_pagos_en_casinos_online\"><span class=\"toc_number toc_depth_2\">1.4<\/span> \u00bfQu\u00e9 es Neteller y por qu\u00e9 deber\u00eda usarlo para los pagos en casinos online?<\/a><\/li><li><a href=\"#Reflexiones_finales_sobre_los_casinos_chilenos_Neteller\"><span class=\"toc_number toc_depth_2\">1.5<\/span> Reflexiones finales sobre los casinos chilenos Neteller<\/a><\/li><li><a href=\"#Preguntas_Frecuentes\"><span class=\"toc_number toc_depth_2\">1.6<\/span> Preguntas Frecuentes<\/a><ul><li><a href=\"#Es_seguro_el_uso_de_Neteller_en_los_casinos_en_linea\"><span class=\"toc_number toc_depth_3\">1.6.1<\/span> \u00bfEs seguro el uso de Neteller en los casinos en l\u00ednea?<\/a><\/li><li><a href=\"#Como_se_crea_una_cuenta_Neteller\"><span class=\"toc_number toc_depth_3\">1.6.2<\/span> \u00bfC\u00f3mo se crea una cuenta Neteller?<\/a><\/li><li><a href=\"#Necesito_verificar_mi_cuenta_de_Neteller\"><span class=\"toc_number toc_depth_3\">1.6.3<\/span> \u00bfNecesito verificar mi cuenta de Neteller?<\/a><\/li><li><a href=\"#Neteller_procesa_los_depositos_de_forma_instantanea\"><span class=\"toc_number toc_depth_3\">1.6.4<\/span> \u00bfNeteller procesa los dep\u00f3sitos de forma instant\u00e1nea?<\/a><\/li><\/ul><\/li><\/ul><\/li><\/ul><\/div>\n\n<h2><span id=\"Como_funcionan_los_depositos_de_casinos_con_Neteller\">\u00bfC\u00f3mo funcionan los dep\u00f3sitos de casinos con Neteller?<\/span><\/h2>\n<p>Los <strong>casinos Neteller<\/strong> permiten a los jugadores utilizar esta cartera electr\u00f3nica mundialmente conocida para depositar y retirar fondos hacia y desde una cuenta de casino en l\u00ednea. Obviamente, para utilizar Neteller para las transacciones del casino en l\u00ednea, usted tendr\u00eda que abrir primero la cuenta Neteller.<\/p>\n<p>La apertura de una cuenta Neteller puede hacerse en l\u00ednea tanto a trav\u00e9s de ordenadores de sobremesa como de tel\u00e9fonos m\u00f3viles. Asimismo, los usuarios de Neteller pueden administrar sus cuentas a trav\u00e9s de varios tipos de dispositivos y siempre llevar un registro de sus transacciones.<\/p>\n<p>Si a\u00fan no tiene una cuenta Netteler, puede crearla visitando la p\u00e1gina web oficial de Neteller. A partir de ah\u00ed, el proceso es pan comido. D\u00e9jeme guiarle r\u00e1pidamente a trav\u00e9s de \u00e9l:<\/p>\n<ol>\n<li>Ir a neteller.com<\/li>\n<li>Haga clic en el bot\u00f3n &#8220;Join for Free&#8221;.<\/li>\n<li>Introduzca su direcci\u00f3n de correo electr\u00f3nico<\/li>\n<li>Elija el Chile de la lista de pa\u00edses ofrecidos y seleccione su provincia de origen<\/li>\n<li>Seleccione pesos chilenos en el men\u00fa de la moneda de la cuenta deseada<\/li>\n<li>Introduzca los datos personales necesarios<\/li>\n<li>Crea una contrase\u00f1a y conf\u00edrmala; adem\u00e1s, aseg\u00farate de guardar tu contrase\u00f1a de forma segura lejos de las miradas entrometidas<\/li>\n<li>Elija tres preguntas de seguridad y proporcione las respuestas; de nuevo, siga el procedimiento para su contrase\u00f1a e imprima una copia de las respuestas para no olvidarlas<\/li>\n<li>Acepte los T\u00e9rminos de Uso y la Pol\u00edtica de Privacidad de Neteller y haga clic en el bot\u00f3n Continuar<\/li>\n<li>A continuaci\u00f3n, recibir\u00e1 un ID de cuenta que utilizar\u00e1 m\u00e1s tarde para iniciar sesi\u00f3n en su cuenta (tambi\u00e9n puede utilizar su direcci\u00f3n de correo electr\u00f3nico para iniciar sesi\u00f3n)<\/li>\n<li>Tambi\u00e9n recibir\u00e1 una identificaci\u00f3n segura de Neteller que tendr\u00e1 que utilizar al depositar o retirar fondos en un casino Neteller.<\/li>\n<li>Revise los detalles de su cuenta<\/li>\n<li>Haga su primer dep\u00f3sito en su nueva cuenta de Neteller<\/li>\n<\/ol>\n<p>Ahora puedes empezar a usar Neteller para depositar dinero en un casino en l\u00ednea. El proceso es muy simple y no toma m\u00e1s que unos pocos minutos de su tiempo. Aqu\u00ed hay un ejemplo de c\u00f3mo suele ser el procedimiento:<\/p>\n<ol>\n<li>Inicie sesi\u00f3n en su cuenta del casino<\/li>\n<li>Vaya a la p\u00e1gina de Banca<\/li>\n<li>Haga clic en la pesta\u00f1a de dep\u00f3sito<\/li>\n<li>Elija Neteller como su m\u00e9todo de pago preferido de la lista<\/li>\n<li>Introduzca los datos de su cuenta Neteller<\/li>\n<li>Escriba la cantidad que desea depositar<\/li>\n<li>Haga clic en el bot\u00f3n de dep\u00f3sito<\/li>\n<\/ol>\n<p>Una vez que haga clic en el bot\u00f3n de Dep\u00f3sito, su dinero se acreditar\u00e1 en su cuenta de forma instant\u00e1nea y podr\u00e1 utilizarlo para jugar a sus juegos de casino favoritos.<\/p>\n<h2><span id=\"Eligiendo_el_mejor_casino_Chileno_Neteller\">Eligiendo el mejor casino Chileno Neteller<\/span><\/h2>\n<p>Con la industria del iGaming en pleno apogeo, los casinos online tienen que hacer un esfuerzo extra para hacer felices a los jugadores. Con tantas opciones disponibles en la web, encontrar el mejor casino en l\u00ednea puede ser una tarea desalentadora, especialmente si est\u00e1s interesado en un tipo en particular, como los casinos Neteller. Sin embargo, hay una receta probada que puedes seguir para seleccionar la mejor opci\u00f3n del sobresaturado mercado de juegos en l\u00ednea.<\/p>\n<p>Afortunadamente, se ha encontrado con este art\u00edculo donde nuestro equipo de profesionales del casino comparte sus secretos para encontrar los mejores casinos en l\u00ednea Neteller para los jugadores chilenos. Los puntos clave se enumeran a continuaci\u00f3n, as\u00ed que aseg\u00farese de leer cuidadosamente el texto y memorizarlos, ya que ser\u00e1n una ayuda en su b\u00fasqueda del candidato perfecto.<\/p>\n<p>Antes de tomar en consideraci\u00f3n un casino Neteller, primero comprobamos si esta opci\u00f3n de pago est\u00e1 realmente disponible para los jugadores chilenos. En un momento dado, Neteller no operaba en Chile, pero a\u00fan hab\u00eda casinos que lo anunciaban como un m\u00e9todo de pago disponible. Por lo tanto, incluso si Neteller aparece en la p\u00e1gina bancaria de un casino, seguimos contactando con el servicio de atenci\u00f3n al cliente para asegurarnos de que la informaci\u00f3n del sitio es correcta.<\/p>\n<p>Despu\u00e9s de que el servicio de atenci\u00f3n al cliente confirma que Neteller est\u00e1 disponible para los jugadores chilenos, comenzamos a examinar el casino en base a un conjunto de diferentes factores.<\/p>\n<h3><span id=\"Legalidad_y_seguridad\">Legalidad y seguridad<\/span><\/h3>\n<p>Antes de marcar cualquier otra cosa, la primera casilla que un casino tiene que marcar se relaciona con la legalidad y la seguridad. Todos los casinos Neteller que recomendamos deben poseer una licencia de juego legal emitida por una jurisdicci\u00f3n de confianza. Esta informaci\u00f3n tiene que estar disponible para el p\u00fablico y mostrarse en la p\u00e1gina principal del casino. Una vez que esto es detectado y comprobado, buscamos las medidas de seguridad que un casino implementa. Esto incluye las \u00faltimas encriptaciones SSL y cortafuegos encargados de proteger los datos y transacciones privadas de los jugadores.<\/p>\n<h3><span id=\"Proceso_de_registro\">Proceso de registro<\/span><\/h3>\n<p>Para tener una idea real del funcionamiento de un casino, los miembros de nuestro equipo siempre crean una cuenta en cada casino en l\u00ednea que resulta ser legal y segura. Esto nos permite examinar cada rinc\u00f3n de un casino, empezando por el proceso de registro. Adem\u00e1s, a algunos casinos no les gusta mostrar toda la informaci\u00f3n a los visitantes que s\u00f3lo se detienen para echar un vistazo, lo que significa que a veces se pueden pasar por alto grandes beneficios s\u00f3lo porque no se ha intentado registrar y explorar m\u00e1s.<\/p>\n<h3><span id=\"Terminos_y_condiciones_de_la_bonificacion_de_cheques\">T\u00e9rminos y condiciones de la bonificaci\u00f3n de cheques<\/span><\/h3>\n<p>Cuando se est\u00e1 en un casino, es m\u00e1s f\u00e1cil obtener informaci\u00f3n sobre todos los bonos y promociones que ofrece el casino. El primer paso es revisar los T\u00e9rminos y Condiciones de los Bonos de un casino para ver si las ofertas de bonos cuentan en los jugadores que utilizan Neteller como su m\u00e9todo preferido de dep\u00f3sito y retiro. Una vez m\u00e1s, el servicio de atenci\u00f3n al cliente puede proporcionar informaci\u00f3n adicional, si es necesario.<\/p>\n<h3><span id=\"Comprobando_las_revisiones\">Comprobando las revisiones<\/span><\/h3>\n<p>Preguntar a otros jugadores sobre su experiencia con Neteller en centros espec\u00edficos de juego en l\u00ednea es probablemente la mejor manera de obtener la informaci\u00f3n m\u00e1s precisa. Otros jugadores de Chile que ya tienen experiencia en los casinos en l\u00ednea de Neteller est\u00e1n a menudo m\u00e1s que dispuestos a contar su historia y dar consejos sobre la fiabilidad del casino. Nuestro equipo se comunica regularmente con otros jugadores chilenos que utilizan Neteller y crea una lista de los mejores casinos en l\u00ednea en consecuencia.<\/p>\n<h2><span id=\"Ventajas_y_desventajas_de_los_casinos_Neteller\">Ventajas y desventajas de los casinos Neteller<\/span><\/h2>\n<p>Como cualquier otro m\u00e9todo de pago, Neteller ha sido elogiado por algunos jugadores, mientras que otros lo evitan. Echemos un vistazo a algunos de los pros y contras m\u00e1s comunes que los jugadores destacan con respecto a esta cartera electr\u00f3nica.<\/p>\n<h3><span id=\"Pros\">Pros<\/span><\/h3>\n<p>Seguridad &#8211; Neteller representa una capa entre su instituci\u00f3n financiera preferida y los casinos en l\u00ednea. Esto significa que no necesita compartir sus datos confidenciales o los detalles de su tarjeta de cr\u00e9dito con un casino en l\u00ednea. Para garantizar su seguridad, Neteller tambi\u00e9n implementa una encriptaci\u00f3n SSL de 128 bits de \u00faltima generaci\u00f3n para que ning\u00fan tercero pueda poner sus manos sobre su informaci\u00f3n privada.<\/p>\n<p>Anonimato: las transacciones de Neteller son completamente an\u00f3nimas, lo que significa que sus dep\u00f3sitos y retiros hacia y desde un casino en l\u00ednea no ser\u00e1n rastreados.<\/p>\n<p>F\u00e1cil de usar &#8211; Es muy f\u00e1cil configurar una cuenta Neteller y usarla en los casinos en l\u00ednea, por lo que muchos jugadores eligen esta opci\u00f3n de pago para los juegos en l\u00ednea.<\/p>\n<h3><span id=\"Contras\">Contras<\/span><\/h3>\n<p>Exclusi\u00f3n de bonos &#8211; Algunos casinos no permiten a los jugadores reclamar el bono de bienvenida si eligen Neteller como su m\u00e9todo de pago preferido.<\/p>\n<p>Comisiones &#8211; Aunque los casinos no suelen a\u00f1adir ninguna comisi\u00f3n cuando usted mueve sus fondos entre su cuenta de Neteller y el casino, algunas comisiones pueden ocurrir cuando usted decide retirar el dinero de la propia cuenta de Neteller.<\/p>\n<h2><span id=\"Que_es_Neteller_y_por_que_deberia_usarlo_para_los_pagos_en_casinos_online\">\u00bfQu\u00e9 es Neteller y por qu\u00e9 deber\u00eda usarlo para los pagos en casinos online?<\/span><\/h2>\n<p>Neteller es uno de los monederos electr\u00f3nicos m\u00e1s populares que los fans de iGaming pueden utilizar para depositar y retirar dinero desde y hacia sus cuentas de casino online. La mayor\u00eda de los casinos en l\u00ednea hoy en d\u00eda incluyen Neteller en sus opciones bancarias, ya que ofrece l\u00edmites de retiro m\u00e1s altos y transacciones m\u00e1s r\u00e1pidas.<\/p>\n<p>Los dep\u00f3sitos y retiros m\u00ednimos con Neteller van desde los $10 pesos\u00a0 hasta los $10.000 pesos, mientras que los m\u00e1ximos pueden comenzar con $10.000 pesos y llegar hasta $50.000 pesos. Los dep\u00f3sitos son instant\u00e1neos, y los retiros se procesan bastante r\u00e1pido tambi\u00e9n, con un tiempo m\u00e1ximo de espera de 72 horas.<\/p>\n<p>En la mayor\u00eda de los casos, los dep\u00f3sitos y retiros hacia y desde su cuenta de casino en l\u00ednea con Neteller no conllevan ning\u00fan cargo adicional, excepto los cargos que pueda encontrar cuando decida retirar el dinero de su cuenta de Neteller. Sin embargo, para estar absolutamente seguro de ello, siempre es conveniente leer los T\u00e9rminos y Condiciones del casino.<\/p>\n<h2><span id=\"Reflexiones_finales_sobre_los_casinos_chilenos_Neteller\">Reflexiones finales sobre los casinos chilenos Neteller<\/span><\/h2>\n<p>Hay muchas razones positivas para usar Neteller para sus actividades de juego en l\u00ednea. Adem\u00e1s de ser una de las billeteras electr\u00f3nicas m\u00e1s respetadas del mundo, reestableci\u00f3 sus buenos t\u00e9rminos con Chile. Por ello, los jugadores de casinos en l\u00ednea chilenos pueden ahora disfrutar de la plataforma sin problemas de Neteller para transferir fondos, y todo ello en un entorno de alta seguridad.<\/p>\n<p>El proceso de financiaci\u00f3n de su cuenta Neteller es sencillo y r\u00e1pido, y la financiaci\u00f3n de su cuenta de casino en l\u00ednea es a\u00fan m\u00e1s f\u00e1cil. Sin embargo, probablemente lo mejor de jugar en los casinos de Neteller y utilizar esta cartera electr\u00f3nica para el pago del casino en l\u00ednea es el hecho de que los jugadores no tendr\u00e1n que compartir sus datos financieros con los propios casinos. En \u00faltima instancia, estos factores se combinan para hacer que jugar en un casino Neteller sea una de las formas m\u00e1s eficientes de jugar.<\/p>\n<h2><span id=\"Preguntas_Frecuentes\">Preguntas Frecuentes<\/span><\/h2>\n<h3><span id=\"Es_seguro_el_uso_de_Neteller_en_los_casinos_en_linea\">\u00bfEs seguro el uso de Neteller en los casinos en l\u00ednea?<\/span><\/h3>\n<p>Neteller es uno de los mejores m\u00e9todos bancarios para usar en los casinos en l\u00ednea cuando se trata de seguridad. Esta cartera electr\u00f3nica incorpora el \u00faltimo software de encriptaci\u00f3n SSL dise\u00f1ado para garantizar la seguridad de sus transacciones y de sus datos privados en todo momento.<\/p>\n<h3><span id=\"Como_se_crea_una_cuenta_Neteller\">\u00bfC\u00f3mo se crea una cuenta Neteller?<\/span><\/h3>\n<p>Para crear una cuenta de Neteller, tendr\u00e1 que visitar el sitio web de Neteller y buscar el bot\u00f3n Join for Free en la esquina superior derecha de la p\u00e1gina de inicio. Se le pedir\u00e1 que proporcione sus datos personales, que elija su contrase\u00f1a y su divisa preferida, y una vez que esto se procese, podr\u00e1 hacer su primer dep\u00f3sito.<\/p>\n<h3><span id=\"Necesito_verificar_mi_cuenta_de_Neteller\">\u00bfNecesito verificar mi cuenta de Neteller?<\/span><\/h3>\n<p>S\u00ed, tendr\u00e1 que proporcionar una copia de cualquier documento v\u00e1lido como el pasaporte, el documento nacional de identidad o el permiso de conducir para verificar su identidad. El documento tambi\u00e9n debe mostrar claramente su foto.<\/p>\n<h3><span id=\"Neteller_procesa_los_depositos_de_forma_instantanea\">\u00bfNeteller procesa los dep\u00f3sitos de forma instant\u00e1nea?<\/span><\/h3>\n<p>S\u00ed, casi todos los casinos en l\u00ednea procesan los dep\u00f3sitos de Neteller al instante. Si se encuentra con alg\u00fan retraso, no dude en ponerse en contacto con el servicio de atenci\u00f3n al cliente del casino.<\/p>\n<p><script type=\"application\/ld+json\">{\"@context\":\"https:\/\/schema.org\",\"@type\":\"FAQPage\",\"mainEntity\":[{\"@type\":\"Question\",\"name\":\"\u00bfEs seguro el uso de Neteller en los casinos en l\u00ednea?\",\"acceptedAnswer\":{\"@type\":\"Answer\",\"text\":\"Neteller es uno de los mejores m\u00e9todos bancarios para usar en los casinos en l\u00ednea cuando se trata de seguridad. Esta cartera electr\u00f3nica incorpora el \u00faltimo software de encriptaci\u00f3n SSL dise\u00f1ado para garantizar la seguridad de sus transacciones y de sus datos privados en todo momento.\"}},{\"@type\":\"Question\",\"name\":\"\u00bfC\u00f3mo se crea una cuenta Neteller?\",\"acceptedAnswer\":{\"@type\":\"Answer\",\"text\":\"Para crear una cuenta de Neteller, tendr\u00e1 que visitar el sitio web de Neteller y buscar el bot\u00f3n Join for Free en la esquina superior derecha de la p\u00e1gina de inicio. Se le pedir\u00e1 que proporcione sus datos personales, que elija su contrase\u00f1a y su divisa preferida, y una vez que esto se procese, podr\u00e1 hacer su primer dep\u00f3sito.\"}},{\"@type\":\"Question\",\"name\":\"\u00bfNecesito verificar mi cuenta de Neteller?\",\"acceptedAnswer\":{\"@type\":\"Answer\",\"text\":\"S\u00ed, tendr\u00e1 que proporcionar una copia de cualquier documento v\u00e1lido como el pasaporte, el documento nacional de identidad o el permiso de conducir para verificar su identidad. El documento tambi\u00e9n debe mostrar claramente su foto.\"}},{\"@type\":\"Question\",\"name\":\"\u00bfNeteller procesa los dep\u00f3sitos de forma instant\u00e1nea?\",\"acceptedAnswer\":{\"@type\":\"Answer\",\"text\":\"S\u00ed, casi todos los casinos en l\u00ednea procesan los dep\u00f3sitos de Neteller al instante. Si se encuentra con alg\u00fan retraso, no dude en ponerse en contacto con el servicio de atenci\u00f3n al cliente del casino.\"}}]}<\/script><\/p>\n","protected":false},"excerpt":{"rendered":"<p>Contents1 Los mejores casinos Neteller en Chile1.1 \u00bfC\u00f3mo funcionan los dep\u00f3sitos de casinos con Neteller?1.2 Eligiendo el mejor casino Chileno Neteller1.2.1 Legalidad y seguridad1.2.2 Proceso de registro1.2.3 T\u00e9rminos y condiciones de la bonificaci\u00f3n de cheques1.2.4 Comprobando las revisiones1.3 Ventajas y desventajas de los casinos Neteller1.3.1 Pros1.3.2 Contras1.4 \u00bfQu\u00e9 es Neteller y por qu\u00e9 deber\u00eda usarlo &#8230; <\/p>\n<p class=\"read-more-container\"><a title=\"neteller-casinos\" class=\"read-more button\" href=\"https:\/\/www.betopin.com\/cl\/casinos-online\/metodos-de-pago\/neteller-casinos\/#more-740\">Read more<span class=\"screen-reader-text\">neteller-casinos<\/span><\/a><\/p>\n","protected":false},"author":60,"featured_media":0,"parent":736,"menu_order":0,"comment_status":"closed","ping_status":"closed","template":"","meta":{"inline_featured_image":false,"speechkit_generate_audio":"","speechkit_project_id":"","speechkit_podcast_id":"","speechkit_hash":"","speechkit_access_key":"","speechkit_error_message":"","speechkit_disabled":"","speechkit_updated_at":"","publish_post_to_speechkit":"","speechkit_error":"","speechkit_info":"","speechkit_response":"","speechkit_retries":"","speechkit_status":"","_speechkit_disable_generate_audio":"","_speechkit_link":"","_speechkit_text":""},"acf":[],"yoast_head":"<!-- This site is optimized with the Yoast SEO Premium plugin v15.8.2 - https:\/\/yoast.com\/wordpress\/plugins\/seo\/ -->\n<title>Los mejores casinos Neteller en Chile - Betopin<\/title>\n<meta name=\"description\" content=\"Si est\u00e1 buscando los mejores casinos en l\u00ednea con Neteller en Chile, consulte esta gu\u00eda para encontrar las mejores opciones y la forma en que funcionan.\" \/>\n<meta name=\"robots\" content=\"index, follow, max-snippet:-1, max-image-preview:large, max-video-preview:-1\" \/>\n<link rel=\"canonical\" href=\"https:\/\/www.betopin.com\/cl\/casinos-online\/metodos-de-pago\/neteller-casinos\/\" \/>\n<meta property=\"og:locale\" content=\"es_ES\" \/>\n<meta property=\"og:type\" content=\"article\" \/>\n<meta property=\"og:title\" content=\"Los mejores casinos Neteller en Chile - Betopin\" \/>\n<meta property=\"og:description\" content=\"Si est\u00e1 buscando los mejores casinos en l\u00ednea con Neteller en Chile, consulte esta gu\u00eda para encontrar las mejores opciones y la forma en que funcionan.\" \/>\n<meta property=\"og:url\" content=\"https:\/\/www.betopin.com\/cl\/casinos-online\/metodos-de-pago\/neteller-casinos\/\" \/>\n<meta property=\"og:site_name\" content=\"Betopin Chile\" \/>\n<meta property=\"article:published_time\" content=\"2020-05-19T13:36:33+00:00\" \/>\n<meta property=\"article:modified_time\" content=\"2020-06-04T14:26:58+00:00\" \/>\n<meta name=\"twitter:card\" content=\"summary_large_image\" \/>\n<meta name=\"twitter:label1\" content=\"Tiempo estimado de lectura\">\n\t<meta name=\"twitter:data1\" content=\"11 minutos\">\n<script type=\"application\/ld+json\" class=\"yoast-schema-graph\">{\"@context\":\"https:\/\/schema.org\",\"@graph\":[{\"@type\":\"WebSite\",\"@id\":\"https:\/\/www.betopin.com\/cl\/#website\",\"url\":\"https:\/\/www.betopin.com\/cl\/\",\"name\":\"Betopin Chile\",\"description\":\"Compare Betting Exchanges, Bookies, Bingo, Casino, Poker &amp; Sports Spread Betting Sites site\",\"potentialAction\":[{\"@type\":\"SearchAction\",\"target\":\"https:\/\/www.betopin.com\/cl\/?s={search_term_string}\",\"query-input\":\"required name=search_term_string\"}],\"inLanguage\":\"es-CL\"},{\"@type\":\"WebPage\",\"@id\":\"https:\/\/www.betopin.com\/cl\/casinos-online\/metodos-de-pago\/neteller-casinos\/#webpage\",\"url\":\"https:\/\/www.betopin.com\/cl\/casinos-online\/metodos-de-pago\/neteller-casinos\/\",\"name\":\"Los mejores casinos Neteller en Chile - Betopin\",\"isPartOf\":{\"@id\":\"https:\/\/www.betopin.com\/cl\/#website\"},\"datePublished\":\"2020-05-19T13:36:33+00:00\",\"dateModified\":\"2020-06-04T14:26:58+00:00\",\"description\":\"Si est\\u00e1 buscando los mejores casinos en l\\u00ednea con Neteller en Chile, consulte esta gu\\u00eda para encontrar las mejores opciones y la forma en que funcionan.\",\"breadcrumb\":{\"@id\":\"https:\/\/www.betopin.com\/cl\/casinos-online\/metodos-de-pago\/neteller-casinos\/#breadcrumb\"},\"inLanguage\":\"es-CL\",\"potentialAction\":[{\"@type\":\"ReadAction\",\"target\":[\"https:\/\/www.betopin.com\/cl\/casinos-online\/metodos-de-pago\/neteller-casinos\/\"]}]},{\"@type\":\"BreadcrumbList\",\"@id\":\"https:\/\/www.betopin.com\/cl\/casinos-online\/metodos-de-pago\/neteller-casinos\/#breadcrumb\",\"itemListElement\":[{\"@type\":\"ListItem\",\"position\":1,\"item\":{\"@type\":\"WebPage\",\"@id\":\"https:\/\/www.betopin.com\/cl\/\",\"url\":\"https:\/\/www.betopin.com\/cl\/\",\"name\":\"Home\"}},{\"@type\":\"ListItem\",\"position\":2,\"item\":{\"@type\":\"WebPage\",\"@id\":\"https:\/\/www.betopin.com\/cl\/casinos-online\/\",\"url\":\"https:\/\/www.betopin.com\/cl\/casinos-online\/\",\"name\":\"casinos-online\"}},{\"@type\":\"ListItem\",\"position\":3,\"item\":{\"@type\":\"WebPage\",\"@id\":\"https:\/\/www.betopin.com\/cl\/casinos-online\/metodos-de-pago\/\",\"url\":\"https:\/\/www.betopin.com\/cl\/casinos-online\/metodos-de-pago\/\",\"name\":\"metodos-de-pago\"}},{\"@type\":\"ListItem\",\"position\":4,\"item\":{\"@type\":\"WebPage\",\"@id\":\"https:\/\/www.betopin.com\/cl\/casinos-online\/metodos-de-pago\/neteller-casinos\/\",\"url\":\"https:\/\/www.betopin.com\/cl\/casinos-online\/metodos-de-pago\/neteller-casinos\/\",\"name\":\"neteller-casinos\"}}]}]}<\/script>\n<!-- \/ Yoast SEO Premium plugin. -->","amp_enabled":true,"_links":{"self":[{"href":"https:\/\/www.betopin.com\/cl\/wp-json\/wp\/v2\/pages\/740"}],"collection":[{"href":"https:\/\/www.betopin.com\/cl\/wp-json\/wp\/v2\/pages"}],"about":[{"href":"https:\/\/www.betopin.com\/cl\/wp-json\/wp\/v2\/types\/page"}],"author":[{"embeddable":true,"href":"https:\/\/www.betopin.com\/cl\/wp-json\/wp\/v2\/users\/60"}],"replies":[{"embeddable":true,"href":"https:\/\/www.betopin.com\/cl\/wp-json\/wp\/v2\/comments?post=740"}],"version-history":[{"count":3,"href":"https:\/\/www.betopin.com\/cl\/wp-json\/wp\/v2\/pages\/740\/revisions"}],"predecessor-version":[{"id":865,"href":"https:\/\/www.betopin.com\/cl\/wp-json\/wp\/v2\/pages\/740\/revisions\/865"}],"up":[{"embeddable":true,"href":"https:\/\/www.betopin.com\/cl\/wp-json\/wp\/v2\/pages\/736"}],"wp:attachment":[{"href":"https:\/\/www.betopin.com\/cl\/wp-json\/wp\/v2\/media?parent=740"}],"curies":[{"name":"wp","href":"https:\/\/api.w.org\/{rel}","templated":true}]}}