{"id":750,"date":"2020-05-19T14:40:17","date_gmt":"2020-05-19T13:40:17","guid":{"rendered":"https:\/\/www.betopin.com\/cl\/?page_id=750"},"modified":"2020-07-28T04:42:29","modified_gmt":"2020-07-28T07:42:29","slug":"juegos-de-casinos","status":"publish","type":"page","link":"https:\/\/www.betopin.com\/cl\/juegos-de-casinos\/","title":{"rendered":"juegos-de-casinos"},"content":{"rendered":"<h1><span id=\"Los_Mejores_Juegos_de_Casinos_Online_en_Chile\">Los Mejores Juegos de Casinos Online en Chile<\/span><\/h1>\n<p>En este art\u00edculo, discutiremos algunos de los juegos m\u00e1s populares entre los amantes de los casinos chilenos. Estos t\u00edtulos est\u00e1n disponibles en los casinos de la web, lo que significa que puedes jugarlos en tu PC, port\u00e1til o dispositivo m\u00f3vil.<\/p>\n<p>Por lo tanto, si est\u00e1 interesado en aprender m\u00e1s sobre los <a href=\"https:\/\/www.betopin.com\/cl\/casinos-online\/\">casinos en l\u00ednea chilenos<\/a> y los juegos disponibles en ellos, aseg\u00farese de leer cuidadosamente este art\u00edculo.<\/p>\n<div id=\"toc_container\" class=\"no_bullets\"><p class=\"toc_title\">Contents<\/p><ul class=\"toc_list\"><li><a href=\"#Los_Mejores_Juegos_de_Casinos_Online_en_Chile\"><span class=\"toc_number toc_depth_1\">1<\/span> Los Mejores Juegos de Casinos Online en Chile<\/a><ul><li><a href=\"#Los_mejores_juegos_de_casino_en_linea\"><span class=\"toc_number toc_depth_2\">1.1<\/span> Los mejores juegos de casino en l\u00ednea<\/a><ul><li><a href=\"#Blackjack_en_linea\"><span class=\"toc_number toc_depth_3\">1.1.1<\/span> Blackjack en l\u00ednea<\/a><\/li><\/ul><\/li><li><a href=\"#La_ruleta_en_linea\"><span class=\"toc_number toc_depth_2\">1.2<\/span> La ruleta en l\u00ednea<\/a><ul><li><a href=\"#Poker_en_linea\"><span class=\"toc_number toc_depth_3\">1.2.1<\/span> P\u00f3ker en l\u00ednea<\/a><\/li><li><a href=\"#Dados_en_linea\"><span class=\"toc_number toc_depth_3\">1.2.2<\/span> Dados en l\u00ednea<\/a><\/li><li><a href=\"#Video_poker_en_linea\"><span class=\"toc_number toc_depth_3\">1.2.3<\/span> Video p\u00f3ker en l\u00ednea<\/a><\/li><li><a href=\"#Bingo_en_linea\"><span class=\"toc_number toc_depth_3\">1.2.4<\/span> Bingo en l\u00ednea<\/a><\/li><\/ul><\/li><li><a href=\"#Juegos_de_casino_en_linea_8211_Juegos_gratis\"><span class=\"toc_number toc_depth_2\">1.3<\/span> Juegos de casino en l\u00ednea &#8211; Juegos gratis<\/a><\/li><li><a href=\"#Conclusion\"><span class=\"toc_number toc_depth_2\">1.4<\/span> Conclusion<\/a><\/li><li><a href=\"#Preguntas_frecuentes_sobre_los_juegos_de_casino_en_linea\"><span class=\"toc_number toc_depth_2\">1.5<\/span> Preguntas frecuentes sobre los juegos de casino en l\u00ednea<\/a><ul><li><a href=\"#Que_juegos_de_casino_en_linea_son_populares_en_Chile\"><span class=\"toc_number toc_depth_3\">1.5.1<\/span> \u00bfQu\u00e9 juegos de casino en l\u00ednea son populares en Chile?<\/a><\/li><li><a href=\"#Hay_algun_bono_de_bienvenida_para_los_nuevos_jugadores_en_Chile\"><span class=\"toc_number toc_depth_3\">1.5.2<\/span> \u00bfHay alg\u00fan bono de bienvenida para los nuevos jugadores en Chile?<\/a><\/li><li><a href=\"#Que_juego_tiene_la_ventaja_mas_baja_de_la_casa\"><span class=\"toc_number toc_depth_3\">1.5.3<\/span> \u00bfQu\u00e9 juego tiene la ventaja m\u00e1s baja de la casa?<\/a><\/li><li><a href=\"#Cual_es_la_edad_legal_para_apostar_en_Chile\"><span class=\"toc_number toc_depth_3\">1.5.4<\/span> \u00bfCu\u00e1l es la edad legal para apostar en Chile?<\/a><\/li><\/ul><\/li><\/ul><\/li><\/ul><\/div>\n\n<h2><span id=\"Los_mejores_juegos_de_casino_en_linea\"><strong>Los mejores juegos de casino en l\u00ednea<\/strong><\/span><\/h2>\n<p>\u00bfEs posible decir qu\u00e9 juegos de casino en l\u00ednea son los mejores? Hay miles de jugadores de casino en Chile, y cada uno de ellos tiene un gusto refinado. Sin embargo, es seguro decir que algunos juegos son m\u00e1s populares que otros. En este art\u00edculo, nos centraremos en todos los juegos populares excepto las <a href=\"https:\/\/www.betopin.com\/cl\/juegos-de-casinos\/tragamonedas\/\">tragamonedas<\/a>, ya que las tragamonedas son tan populares que normalmente se consideran una categor\u00eda aparte.<\/p>\n<p>Sin embargo, si le interesa saber m\u00e1s sobre las versiones en l\u00ednea del blackjack, la ruleta, el p\u00f3ker, los dados, el video p\u00f3ker y el bingo, deber\u00eda seguir leyendo este art\u00edculo.<\/p>\n<h3><span id=\"Blackjack_en_linea\"><strong>Blackjack en l\u00ednea<\/strong><\/span><\/h3>\n<p>El blackjack es ampliamente considerado como el juego de casino m\u00e1s popular. A los jugadores les encanta porque viene con el borde de la casa m\u00e1s bajo de todos los juegos, lo que significa que la posibilidad de ganar es la m\u00e1s alta.<\/p>\n<p>El juego tambi\u00e9n est\u00e1 disponible en la web, y viene en muchas formas y tama\u00f1os. Aparte de la versi\u00f3n est\u00e1ndar de BJ, tambi\u00e9n hay juegos como el Spanish 21, pont\u00f3n, blackjack europeo, blackjack progresivo y m\u00e1s. Casi todos los casinos en l\u00ednea tienen al menos tres variaciones de BJ, y algunos ofrecen mucho m\u00e1s que eso.<\/p>\n<p>\u00bfPor qu\u00e9 deber\u00edas jugar al blackjack en l\u00ednea? Para empezar, te ofrece una manera de crear grandes ganancias si usas la estrategia correcta. Los jugadores de blackjack a menudo usan las populares tablas de estrategia de blackjack que les dicen qu\u00e9 jugar en cada mano posible. Aunque estas tablas no est\u00e1n disponibles en los casinos, puedes usarlas si juegas en la web &#8211; s\u00f3lo tienes que encontrar la que se ajusta a tus necesidades y abrirla en otra pesta\u00f1a. De esa manera, tendr\u00e1s la oportunidad de dominar el blackjack y minimizar el borde de la casa.<\/p>\n<p>Adem\u00e1s de ser gratificante, el blackjack es tambi\u00e9n un entretenido juego de cartas. Hay decenas de miles de amantes del blackjack en l\u00ednea que est\u00e1n jugando activamente este juego en los casinos en l\u00ednea de toda la web, y algunos de ellos est\u00e1n obteniendo beneficios.<\/p>\n<p>Una forma emocionante de jugar blackjack en l\u00ednea es comenzar una sesi\u00f3n de repartici\u00f3n en vivo. Muchos casinos en l\u00ednea mezclan lo virtual y lo real transmitiendo en vivo a un dealer desde un estudio especial. Tendr\u00e1s la oportunidad de jugar contra un crupier humano usando un software especial.<\/p>\n<h2><span id=\"La_ruleta_en_linea\"><strong>La ruleta en l\u00ednea<\/strong><\/span><\/h2>\n<p>Muchos amantes de los casinos est\u00e1n enamorados de la <a href=\"https:\/\/www.betopin.com\/cl\/juegos-de-casinos\/ruleta\/\">ruleta<\/a>, ya que ofrece muchas opciones de apuestas. No es de extra\u00f1ar que la ruleta sea considerada a menudo como el mejor juego de casino. Es el primer juego que viene a la mente cuando alguien habla de casinos.<\/p>\n<p>Los casinos en l\u00ednea suelen ofrecer las tres variantes m\u00e1s populares de la ruleta:<\/p>\n<ul>\n<li>La ruleta europea<\/li>\n<li>La ruleta americana<\/li>\n<li>La ruleta francesa<\/li>\n<\/ul>\n<p>Algunas plataformas en l\u00ednea incluso dieron un paso m\u00e1s y ofrecieron nuevos tipos de ruleta que vienen con opciones innovadoras y apuestas laterales interesantes.<\/p>\n<p>\u00bfPor qu\u00e9 es tan popular la ruleta? Muchas grandes estrategias de gesti\u00f3n de fondos pueden ayudarte a mejorar tus posibilidades de ganar en este juego. Si quieres jugar a la ruleta en l\u00ednea, es posible que quieras comprobar estrategias como la martingala, la martingala inversa, D&#8217;Alembert, Fibonacci, la estrategia de James Bond y otras.<\/p>\n<p>Una gran manera de jugar a la ruleta en los casinos en l\u00ednea es entrar en la secci\u00f3n del casino con crupier en vivo si est\u00e1 disponible. Al igual que el blackjack, la ruleta con crupier en vivo presenta un crupier humano ubicado dentro de un estudio exclusivo (a veces incluso dentro de un casino real en tierra). Ellos usar\u00e1n la rueda de la ruleta real, pero t\u00fa usar\u00e1s fichas virtuales para hacer las apuestas.<\/p>\n<h3><span id=\"Poker_en_linea\"><strong>P\u00f3ker en l\u00ednea<\/strong><\/span><\/h3>\n<p>El p\u00f3ker es un juego popular en Am\u00e9rica latina, ya que a los chilenos les encanta visitar los casinos terrestres para participar en los juegos de p\u00f3ker. Por eso muchos casinos en l\u00ednea decidieron ofrecer variaciones populares del p\u00f3ker, como el Texas hold &#8217;em, Omaha y m\u00e1s. Cada casino tiene una oferta \u00fanica de juegos de p\u00f3ker, y hay plataformas en l\u00ednea que s\u00f3lo se centran en el p\u00f3ker, ofreciendo juegos de dinero en efectivo y torneos.<\/p>\n<p>No tienes que ir al casino m\u00e1s cercano si buscas algo de acci\u00f3n de p\u00f3quer. Todo lo que tienes que hacer es abrir una cuenta en un casino o sala de p\u00f3quer en l\u00ednea y disfrutar de este juego contra otras personas (o contra la IA).<\/p>\n<p>El p\u00f3ker es un juego de habilidad, as\u00ed que aprender este juego lleva tiempo. Dominarlo puede llevar a\u00f1os. Por lo tanto, en lugar de darte consejos de p\u00f3quer, te diremos que la pr\u00e1ctica hace al maestro, y el p\u00f3ker online es una gran manera de practicar tus habilidades.<\/p>\n<p>Lo m\u00e1s importante es elegir una variaci\u00f3n de p\u00f3quer y dominarla. En la mayor\u00eda de los casos, deber\u00eda ser el Texas hold &#8217;em o el Omaha, ya que son los dos juegos de p\u00f3ker m\u00e1s populares.<\/p>\n<h3><span id=\"Dados_en_linea\"><strong>Dados en l\u00ednea<\/strong><\/span><\/h3>\n<p>Los dados son uno de los juegos de casino m\u00e1s complicados que existen, pero tambi\u00e9n es uno de los m\u00e1s gratificantes si adoptas la estrategia correcta. Este juego de casino puede no ser tan popular como el blackjack o la ruleta. Aun as\u00ed, definitivamente tiene su justa cuota de fans entre los chilenos, por lo que muchos casinos en l\u00ednea del pa\u00eds lo ofrecen.<\/p>\n<p>La clave para obtener el mejor resultado posible en el juego de dados es aprender sus reglas. Despu\u00e9s de que entiendas c\u00f3mo funciona el juego, debes estudiar las probabilidades para llegar a la mejor estrategia de apuestas posible.<\/p>\n<p>En \u00faltima instancia, los dados son el juego que requiere pr\u00e1ctica, y ahora tienes la oportunidad de jugarlo en l\u00ednea. Algunos casinos ofrecen apuestas m\u00ednimas muy bajas, lo que significa que puedes practicar el juego y perder muy poco en el proceso. Adem\u00e1s, encontrar\u00e1s que muchos casinos chilenos ofrecen juegos gratuitos, por lo que puedes jugar a los dados con cr\u00e9dito falso hasta que entiendas c\u00f3mo funciona.<\/p>\n<h3><span id=\"Video_poker_en_linea\"><strong>Video p\u00f3ker en l\u00ednea<\/strong><\/span><\/h3>\n<p>El video p\u00f3ker es diferente del p\u00f3ker en l\u00ednea, ya que no se juega contra otros jugadores. En cambio, juegas contra el ordenador, y tu objetivo es hacer la mejor mano de p\u00f3ker posible.<\/p>\n<p>La clasificaci\u00f3n de las manos es la misma que en otros juegos de p\u00f3quer, pero la diferencia es que los pares no cuentan (excepto en algunas variaciones como la Jotas o Mejor). Cada mano comienza recibiendo cinco cartas, y t\u00fa eliges cu\u00e1l quieres sostener. Las que no se seleccionen ser\u00e1n reemplazadas por otras cartas de la baraja.<\/p>\n<p>Por ejemplo, si obtienes un par de dieces, debes conservar esas dos y reemplazar las otras tres cartas si no caben. Si obtienes el tercer diez, tendr\u00e1s tres de un tipo y ser\u00e1s recompensado adecuadamente por ello.<\/p>\n<p>El video poker viene en todas las formas y tama\u00f1os en los casinos en l\u00ednea de Chile Algunas de las variaciones m\u00e1s populares son Jacks or Better, Deuces Wild, Double Bonus Poker, Aces and Faces, Aces and Eights, Joker Poker y m\u00e1s.<\/p>\n<p>\u00bfCu\u00e1l es la diferencia entre todos estos juegos de video p\u00f3ker? Todos ellos tienen diferentes pagos, as\u00ed que lo primero a lo que tienes que prestar atenci\u00f3n es a la mesa de pagos que a menudo es visible tan pronto como cargas un juego de video p\u00f3ker en tus casinos en l\u00ednea.<\/p>\n<p>Adem\u00e1s, algunas variaciones del p\u00f3ker vienen con excitantes apuestas secundarias, funci\u00f3n de juego y otras caracter\u00edsticas interesantes que pueden ayudarte a crear grandes ganancias.<\/p>\n<p>Algunos juegos de video p\u00f3ker tienen grandes ganancias, pero tendr\u00e1s que atenerte a algunas de las estrategias que resultaron \u00fatiles para este juego.<\/p>\n<p>Esencialmente, el video p\u00f3ker en l\u00ednea es muy f\u00e1cil de aprender pero dif\u00edcil de dominar. Al igual que los dados, requiere horas y horas de pr\u00e1ctica de la estrategia correcta.<\/p>\n<h3><span id=\"Bingo_en_linea\"><strong>Bingo en l\u00ednea<\/strong><\/span><\/h3>\n<p>Muchos casinos en l\u00ednea chilenos ofrecen bingo. Este juego es tan popular que incluso hay plataformas de bingo independientes que ofrecen todo tipo de juegos de bingo. Las variaciones m\u00e1s populares de este juego que puedes encontrar en los casinos de la web son:<\/p>\n<ol>\n<li>Bingo de 90 bolas<\/li>\n<li>Bingo de 85 bolas<\/li>\n<li>Bingo de 70 bolas<\/li>\n<\/ol>\n<p>El bingo es un juego de azar, as\u00ed que no hay estrategias particulares que puedas aplicar para mejorar tus probabilidades de ganar. Sin embargo, es importante que prestes atenci\u00f3n a tus fondos y nunca dejes que tus emociones se apoderen de tu raz\u00f3n. En \u00faltima instancia, el objetivo de jugar al bingo es pasar el rato con otras personas y disfrutar de este sencillo pero muy entretenido juego. Si te gustan los juegos de casino m\u00e1s serios, entonces deber\u00edas jugar al blackjack o a la ruleta.<\/p>\n<h2><span id=\"Juegos_de_casino_en_linea_8211_Juegos_gratis\"><strong>Juegos de casino en l\u00ednea &#8211; Juegos gratis<\/strong><\/span><\/h2>\n<p>Los casinos en l\u00ednea no requieren que juegues con dinero real. En cambio, puedes hacerlo gratis si quieres. \u00bfC\u00f3mo es eso?<\/p>\n<p>Muchos proveedores de juegos de casino permiten el juego gratis. Una vez que abra un casino en l\u00ednea y seleccione el juego de su elecci\u00f3n, recibir\u00e1 un cr\u00e9dito falso. Puede utilizarlo para hacer apuestas y jugar tanto como quiera, pero los premios que reciba no ser\u00e1n reales.<\/p>\n<p>\u00bfPor qu\u00e9 deber\u00edas jugar gratis? Si eres un reci\u00e9n llegado que no tiene experiencia previa en juegos de casino, deber\u00edas practicar un poco primero. Jugar gratis a juegos como la ruleta, el blackjack, el p\u00f3ker o incluso los dados es una gran manera de entender c\u00f3mo funcionan. En \u00faltima instancia, puedes intentar implementar algunas de las estrategias mientras est\u00e1s en el modo de juego libre para entender c\u00f3mo funcionan estas estrategias en la pr\u00e1ctica. Todos los mejores casinos en l\u00ednea ofrecen juego gratis, y le recomendamos encarecidamente que pruebe los juegos en este modo antes de cambiar a jugar por dinero real.<\/p>\n<h2><span id=\"Conclusion\"><strong>Conclusion<\/strong><\/span><\/h2>\n<p>En resumen, jugar a juegos de casino en la web en Chile puede ser una experiencia muy emocionante. Sin embargo, si quieres maximizar tu potencial de ganancia, no debes confiar en el elemento de la suerte. En su lugar, deber\u00eda intentar jugar primero a juegos gratuitos y aprender m\u00e1s sobre ellos antes de cambiar a dinero real.<\/p>\n<p>La web est\u00e1 llena de estrategias, consejos y trucos \u00fatiles para muchos juegos, incluyendo el blackjack, la ruleta, los dados, el video poker y m\u00e1s. Por lo tanto, aseg\u00farese de estudiar un poco para poder comenzar su viaje de casino en l\u00ednea en Chile. Adem\u00e1s, no olvide que todos los buenos casinos en l\u00ednea de chile ofrecen grandes promociones como giros gratis o bonos de dinero para juegos de mesa. Los jugadores tendr\u00e1n la oportunidad de utilizar el bono para explorar los juegos y aprender m\u00e1s sobre ellos.<\/p>\n<h2><span id=\"Preguntas_frecuentes_sobre_los_juegos_de_casino_en_linea\"><strong>Preguntas frecuentes sobre los juegos de casino en l\u00ednea<\/strong><\/span><\/h2>\n<h3><span id=\"Que_juegos_de_casino_en_linea_son_populares_en_Chile\"><strong>\u00bfQu\u00e9 juegos de casino en l\u00ednea son populares en Chile?<\/strong><\/span><\/h3>\n<p>Aparte de las tragamonedas que son los juegos de casino m\u00e1s populares en todo el mundo, otros juegos populares son el blackjack, los dados, la ruleta, el video poker, el poker, el bingo y m\u00e1s. Hay muchas opciones para elegir si usted elige los mejores casinos en l\u00ednea disponibles actualmente en Chile.<\/p>\n<h3><span id=\"Hay_algun_bono_de_bienvenida_para_los_nuevos_jugadores_en_Chile\"><strong>\u00bfHay alg\u00fan bono de bienvenida para los nuevos jugadores en Chile?<\/strong><\/span><\/h3>\n<p>Casi todos los casinos en l\u00ednea ofrecen un bono de bienvenida para atraer a nuevos jugadores. Si es nuevo en el mundo de las apuestas en l\u00ednea, aseg\u00farese de analizar cada bono de bienvenida que ofrecen los casinos para conocer m\u00e1s sobre ellos y elegir el que se ajuste a sus necesidades. Por lo general, se trata de bonos de dep\u00f3sito, lo que significa que primero debe hacer un dep\u00f3sito si desea activarlos.<\/p>\n<p>Adem\u00e1s, debes prestar atenci\u00f3n al tipo de bono de bienvenida. Algunos ofrecer\u00e1n giros gratuitos para las tragamonedas en l\u00ednea, mientras que otros ofrecer\u00e1n bonos de dinero para los jugadores chilenos. Por lo tanto, si le gustan las tragamonedas en l\u00ednea, las giros gratis pueden ser la mejor opci\u00f3n para usted. Sin embargo, si prefiere los juegos de mesa como el blackjack, la ruleta y otros, entonces debe apuntar a un bono de bienvenida que le premiar\u00e1 con dinero.<\/p>\n<p>B\u00e1sicamente, todos los casinos en l\u00ednea chilenos tienen alg\u00fan tipo de regalo de bienvenida que le ayudar\u00e1 a mejorar su experiencia general en el casino en l\u00ednea.<\/p>\n<h3><span id=\"Que_juego_tiene_la_ventaja_mas_baja_de_la_casa\"><strong>\u00bfQu\u00e9 juego tiene la ventaja m\u00e1s baja de la casa?<\/strong><\/span><\/h3>\n<p>Si aplicas la estrategia correcta, el blackjack se convierte en el juego de casino con la menor ventaja de la casa. Aseg\u00farese de estudiar las tablas de estrategia del blackjack antes de empezar a jugar, o puede probarlas jugando este popular juego de cartas de forma gratuita en los casinos en l\u00ednea. Algunos tipos de video p\u00f3quer tambi\u00e9n tienen una ventaja de casa muy baja si te apegas a algunas de las estrategias de trabajo.<\/p>\n<p>Los jugadores chilenos tambi\u00e9n tienen la oportunidad de jugar en algunas de las mejores tragamonedas en l\u00ednea que tienen un alto puntaje de RTP, lo que significa que la ventaja de la casa en estos juegos es baja. Si a\u00f1ades giros libres a la ecuaci\u00f3n, obtendr\u00e1s una experiencia perfecta de <a href=\"https:\/\/www.betopin.com\/cl\/juegos-de-casinos\/tragamonedas\/\">juego de tragamonedas<\/a>.<\/p>\n<h3><span id=\"Cual_es_la_edad_legal_para_apostar_en_Chile\"><strong>\u00bfCu\u00e1l es la edad legal para apostar en Chile?<\/strong><\/span><\/h3>\n<p>Debe tener al menos 19 a\u00f1os si quiere jugar en Chile excepci\u00f3n, ya que la edad legal para jugar es de 18 a\u00f1os en estas regiones.<\/p>\n<p>Manitoba, Alberta y Quebec son una excepci\u00f3n, ya que la edad legal para jugar es de 18 a\u00f1os en estas regiones.<\/p>\n","protected":false},"excerpt":{"rendered":"<p>Contents1 Los Mejores Juegos de Casinos Online en Chile1.1 Los mejores juegos de casino en l\u00ednea1.1.1 Blackjack en l\u00ednea1.2 La ruleta en l\u00ednea1.2.1 P\u00f3ker en l\u00ednea1.2.2 Dados en l\u00ednea1.2.3 Video p\u00f3ker en l\u00ednea1.2.4 Bingo en l\u00ednea1.3 Juegos de casino en l\u00ednea &#8211; Juegos gratis1.4 Conclusion1.5 Preguntas frecuentes sobre los juegos de casino en l\u00ednea1.5.1 \u00bfQu\u00e9 &#8230; <\/p>\n<p class=\"read-more-container\"><a title=\"juegos-de-casinos\" class=\"read-more button\" href=\"https:\/\/www.betopin.com\/cl\/juegos-de-casinos\/#more-750\">Read more<span class=\"screen-reader-text\">juegos-de-casinos<\/span><\/a><\/p>\n","protected":false},"author":60,"featured_media":0,"parent":0,"menu_order":0,"comment_status":"closed","ping_status":"closed","template":"","meta":{"inline_featured_image":false,"speechkit_generate_audio":"","speechkit_project_id":"","speechkit_podcast_id":"","speechkit_hash":"","speechkit_access_key":"","speechkit_error_message":"","speechkit_disabled":"","speechkit_updated_at":"","publish_post_to_speechkit":"","speechkit_error":"","speechkit_info":"","speechkit_response":"","speechkit_retries":"","speechkit_status":"","_speechkit_disable_generate_audio":"","_speechkit_link":"","_speechkit_text":""},"acf":[],"yoast_head":"<!-- This site is optimized with the Yoast SEO Premium plugin v15.8.2 - https:\/\/yoast.com\/wordpress\/plugins\/seo\/ -->\n<title>Los Mejores Juegos de Casinos Online en Chile<\/title>\n<meta name=\"robots\" content=\"index, follow, max-snippet:-1, max-image-preview:large, max-video-preview:-1\" \/>\n<link rel=\"canonical\" href=\"https:\/\/www.betopin.com\/cl\/juegos-de-casinos\/\" \/>\n<meta property=\"og:locale\" content=\"es_ES\" \/>\n<meta property=\"og:type\" content=\"article\" \/>\n<meta property=\"og:title\" content=\"Los Mejores Juegos de Casinos Online en Chile\" \/>\n<meta property=\"og:description\" content=\"Contents1 Los Mejores Juegos de Casinos Online en Chile1.1 Los mejores juegos de casino en l\u00ednea1.1.1 Blackjack en l\u00ednea1.2 La ruleta en l\u00ednea1.2.1 P\u00f3ker en l\u00ednea1.2.2 Dados en l\u00ednea1.2.3 Video p\u00f3ker en l\u00ednea1.2.4 Bingo en l\u00ednea1.3 Juegos de casino en l\u00ednea &#8211; Juegos gratis1.4 Conclusion1.5 Preguntas frecuentes sobre los juegos de casino en l\u00ednea1.5.1 \u00bfQu\u00e9 ... Read morejuegos-de-casinos\" \/>\n<meta property=\"og:url\" content=\"https:\/\/www.betopin.com\/cl\/juegos-de-casinos\/\" \/>\n<meta property=\"og:site_name\" content=\"Betopin Chile\" \/>\n<meta property=\"article:published_time\" content=\"2020-05-19T13:40:17+00:00\" \/>\n<meta property=\"article:modified_time\" content=\"2020-07-28T07:42:29+00:00\" \/>\n<meta name=\"twitter:card\" content=\"summary_large_image\" \/>\n<meta name=\"twitter:label1\" content=\"Tiempo estimado de lectura\">\n\t<meta name=\"twitter:data1\" content=\"13 minutos\">\n<script type=\"application\/ld+json\" class=\"yoast-schema-graph\">{\"@context\":\"https:\/\/schema.org\",\"@graph\":[{\"@type\":\"WebSite\",\"@id\":\"https:\/\/www.betopin.com\/cl\/#website\",\"url\":\"https:\/\/www.betopin.com\/cl\/\",\"name\":\"Betopin Chile\",\"description\":\"Compare Betting Exchanges, Bookies, Bingo, Casino, Poker &amp; Sports Spread Betting Sites site\",\"potentialAction\":[{\"@type\":\"SearchAction\",\"target\":\"https:\/\/www.betopin.com\/cl\/?s={search_term_string}\",\"query-input\":\"required name=search_term_string\"}],\"inLanguage\":\"es-CL\"},{\"@type\":\"WebPage\",\"@id\":\"https:\/\/www.betopin.com\/cl\/juegos-de-casinos\/#webpage\",\"url\":\"https:\/\/www.betopin.com\/cl\/juegos-de-casinos\/\",\"name\":\"Los Mejores Juegos de Casinos Online en Chile\",\"isPartOf\":{\"@id\":\"https:\/\/www.betopin.com\/cl\/#website\"},\"datePublished\":\"2020-05-19T13:40:17+00:00\",\"dateModified\":\"2020-07-28T07:42:29+00:00\",\"breadcrumb\":{\"@id\":\"https:\/\/www.betopin.com\/cl\/juegos-de-casinos\/#breadcrumb\"},\"inLanguage\":\"es-CL\",\"potentialAction\":[{\"@type\":\"ReadAction\",\"target\":[\"https:\/\/www.betopin.com\/cl\/juegos-de-casinos\/\"]}]},{\"@type\":\"BreadcrumbList\",\"@id\":\"https:\/\/www.betopin.com\/cl\/juegos-de-casinos\/#breadcrumb\",\"itemListElement\":[{\"@type\":\"ListItem\",\"position\":1,\"item\":{\"@type\":\"WebPage\",\"@id\":\"https:\/\/www.betopin.com\/cl\/\",\"url\":\"https:\/\/www.betopin.com\/cl\/\",\"name\":\"Home\"}},{\"@type\":\"ListItem\",\"position\":2,\"item\":{\"@type\":\"WebPage\",\"@id\":\"https:\/\/www.betopin.com\/cl\/juegos-de-casinos\/\",\"url\":\"https:\/\/www.betopin.com\/cl\/juegos-de-casinos\/\",\"name\":\"juegos-de-casinos\"}}]}]}<\/script>\n<!-- \/ Yoast SEO Premium plugin. -->","amp_enabled":true,"_links":{"self":[{"href":"https:\/\/www.betopin.com\/cl\/wp-json\/wp\/v2\/pages\/750"}],"collection":[{"href":"https:\/\/www.betopin.com\/cl\/wp-json\/wp\/v2\/pages"}],"about":[{"href":"https:\/\/www.betopin.com\/cl\/wp-json\/wp\/v2\/types\/page"}],"author":[{"embeddable":true,"href":"https:\/\/www.betopin.com\/cl\/wp-json\/wp\/v2\/users\/60"}],"replies":[{"embeddable":true,"href":"https:\/\/www.betopin.com\/cl\/wp-json\/wp\/v2\/comments?post=750"}],"version-history":[{"count":6,"href":"https:\/\/www.betopin.com\/cl\/wp-json\/wp\/v2\/pages\/750\/revisions"}],"predecessor-version":[{"id":963,"href":"https:\/\/www.betopin.com\/cl\/wp-json\/wp\/v2\/pages\/750\/revisions\/963"}],"wp:attachment":[{"href":"https:\/\/www.betopin.com\/cl\/wp-json\/wp\/v2\/media?parent=750"}],"curies":[{"name":"wp","href":"https:\/\/api.w.org\/{rel}","templated":true}]}}