{"id":754,"date":"2020-05-19T14:44:18","date_gmt":"2020-05-19T13:44:18","guid":{"rendered":"https:\/\/www.betopin.com\/cl\/?page_id=754"},"modified":"2020-08-04T07:16:08","modified_gmt":"2020-08-04T10:16:08","slug":"ruleta","status":"publish","type":"page","link":"https:\/\/www.betopin.com\/cl\/juegos-de-casinos\/ruleta\/","title":{"rendered":"ruleta"},"content":{"rendered":"<h1><span id=\"Ruleta_Online_Chile\"><strong>Ruleta Online Chile<\/strong><\/span><\/h1>\n<p>La ruleta es uno de los juegos de casino de mesa m\u00e1s antiguos del mundo. Tambi\u00e9n es uno de los m\u00e1s populares. Lo mismo puede decirse de la ruleta en l\u00ednea y la ruleta en l\u00ednea en Chile, donde los juegos de mesa gozan de una enorme popularidad.<\/p>\n<p>Tambi\u00e9n es uno de los juegos de casino m\u00e1s lucrativos que existen, con un potencial de pago masivo. Dependiendo de qu\u00e9 y d\u00f3nde se apueste, se podr\u00eda estar viendo un pago de 36 veces su apuesta original, lo cual no es com\u00fan en el <a href=\"https:\/\/www.betopin.com\/cl\/casinos-online\/\">mundo de los casinos en l\u00ednea<\/a>.<\/p>\n<p>Si eres chileno, o simplemente est\u00e1s en Chile, y quieres jugar a la ruleta en l\u00ednea, entonces est\u00e1s en el lugar correcto. En nuestra gu\u00eda, explicaremos c\u00f3mo funciona el juego, a qu\u00e9 tipos puedes jugar, c\u00f3mo jugar el juego y mucho m\u00e1s. Todo esto te permitir\u00e1 aprender a jugar a la ruleta de una manera que te dar\u00e1 m\u00e1s oportunidades de ganar.<\/p>\n<div id=\"toc_container\" class=\"no_bullets\"><p class=\"toc_title\">Contents<\/p><ul class=\"toc_list\"><li><a href=\"#Ruleta_Online_Chile\"><span class=\"toc_number toc_depth_1\">1<\/span> Ruleta Online Chile<\/a><ul><li><a href=\"#Explicacion_de_la_ruleta\"><span class=\"toc_number toc_depth_2\">1.1<\/span> Explicaci\u00f3n de la ruleta<\/a><ul><li><a href=\"#Ruleta_8211_La_Rueda\"><span class=\"toc_number toc_depth_3\">1.1.1<\/span> Ruleta &#8211; La Rueda<\/a><\/li><li><a href=\"#Rueda_de_la_ruleta_8211_La_mesa\"><span class=\"toc_number toc_depth_3\">1.1.2<\/span> Rueda de la ruleta &#8211; La mesa<\/a><\/li><\/ul><\/li><li><a href=\"#Tipos_de_Ruleta\"><span class=\"toc_number toc_depth_2\">1.2<\/span> Tipos de Ruleta<\/a><ul><li><a href=\"#Ruleta_Americana\"><span class=\"toc_number toc_depth_3\">1.2.1<\/span> Ruleta Americana<\/a><\/li><li><a href=\"#Ruleta_francesa\"><span class=\"toc_number toc_depth_3\">1.2.2<\/span> Ruleta francesa<\/a><\/li><li><a href=\"#Ruleta_MultiRueda\"><span class=\"toc_number toc_depth_3\">1.2.3<\/span> Ruleta MultiRueda<\/a><\/li><li><a href=\"#Mini_Ruleta\"><span class=\"toc_number toc_depth_3\">1.2.4<\/span> Mini Ruleta<\/a><\/li><\/ul><\/li><li><a href=\"#Formas_de_jugar_a_la_ruleta_en_linea\"><span class=\"toc_number toc_depth_2\">1.3<\/span> Formas de jugar a la ruleta en l\u00ednea<\/a><ul><li><a href=\"#Ruleta_en_vivo\"><span class=\"toc_number toc_depth_3\">1.3.1<\/span> Ruleta en vivo<\/a><\/li><\/ul><\/li><li><a href=\"#Ruleta_en_linea_8211_Conclusion\"><span class=\"toc_number toc_depth_2\">1.4<\/span> Ruleta en l\u00ednea &#8211; Conclusion<\/a><\/li><li><a href=\"#Preguntas_frecuentes\"><span class=\"toc_number toc_depth_2\">1.5<\/span> Preguntas frecuentes<\/a><ul><li><a href=\"#Cuanto_debo_apostar_en_cada_giro\"><span class=\"toc_number toc_depth_3\">1.5.1<\/span> \u00bfCu\u00e1nto debo apostar en cada giro?<\/a><\/li><li><a href=\"#Tengo_que_jugar_a_la_ruleta_en_linea_con_dinero_real\"><span class=\"toc_number toc_depth_3\">1.5.2<\/span> \u00bfTengo que jugar a la ruleta en l\u00ednea con dinero real?<\/a><\/li><li><a href=\"#Cuantos_tipos_de_ruleta_hay\"><span class=\"toc_number toc_depth_3\">1.5.3<\/span> \u00bfCu\u00e1ntos tipos de ruleta hay?<\/a><\/li><li><a href=\"#Que_es_el_sistema_Fibonacci_en_la_ruleta\"><span class=\"toc_number toc_depth_3\">1.5.4<\/span> \u00bfQu\u00e9 es el sistema Fibonacci en la ruleta?<\/a><\/li><\/ul><\/li><\/ul><\/li><\/ul><\/div>\n\n<h2><span id=\"Explicacion_de_la_ruleta\"><strong>Explicaci\u00f3n de la ruleta<\/strong><\/span><\/h2>\n<p>La ruleta es un juego de mesa que fue inventado por Blaise Pascal hace m\u00e1s de 300 a\u00f1os. Desde entonces, el juego avanz\u00f3 mucho, y se inventaron muchos tipos de ruleta. Sin embargo, todos estos tipos son variaciones del juego principal que nunca ha cambiado. Naturalmente, todo esto se aplica tanto a la ruleta en l\u00ednea como a la ruleta en vivo.<\/p>\n<p>Con eso en mente, la ruleta involucra a una persona que es el crupier o el repartidor, y \u00e9l o ella se encargan de hacer girar una rueda con bolsillos numerados donde la bola puede asentarse durante cada giro.<\/p>\n<p>En cada ronda del juego, uno o m\u00e1s jugadores hacen sus apuestas en bolsillos espec\u00edficos (n\u00fameros) en una mesa adicional, y luego el repartidor hace girar la rueda. Donde cae la bola es el n\u00famero ganador, y los jugadores con apuestas en el n\u00famero ganan la ronda. En esencia, todos juegan contra el crupier, no entre ellos, y hay m\u00e1s que simplemente hacer una apuesta a un n\u00famero espec\u00edfico, ya que cada n\u00famero tiene colores, y mucho m\u00e1s.<\/p>\n<p>Los jugadores pueden apostar a n\u00fameros espec\u00edficos, donde se encuentran para ganar 36 veces la cantidad que apostaron, pero tambi\u00e9n pueden apostar a otras cosas como:<\/p>\n<ul>\n<li>N\u00fameros rojos o negros (la mitad son negros, la otra mitad rojos, mientras que el 0 y el 00 son verdes)<\/li>\n<li>Grupos de n\u00fameros<\/li>\n<li>Esquinas<\/li>\n<li>Columnas<\/li>\n<li>N\u00fameros pares o impares<\/li>\n<\/ul>\n<h3><span id=\"Ruleta_8211_La_Rueda\"><strong>Ruleta &#8211; La Rueda<\/strong><\/span><\/h3>\n<p>Casi todos los <a href=\"https:\/\/www.betopin.com\/cl\/juegos-de-casinos\/ruleta\/\">juegos de ruleta<\/a> tienen la misma rueda, ya sea una rueda real, una mec\u00e1nica (moderna) o una rueda virtual. La rueda de la ruleta tiene bolsillos numerados, y en la mayor\u00eda de los casos, los n\u00fameros van del 0 al 36, incluyendo un 00, dependiendo del tipo de ruleta. La ruleta europea tiene un solo cero, mientras que la americana tiene el doble cero a\u00f1adidos.<\/p>\n<p>La rueda est\u00e1 hecha para que el distribuidor pueda girarla f\u00e1cilmente y de manera uniforme. Cuando hacen girar la rueda, lanzan una bola, y todos esperan a que aterrice en un n\u00famero. Es un concepto muy simple, pero gracias a que los jugadores de la ruleta pueden apostar sobre d\u00f3nde cae la bola, todo se vuelve mucho m\u00e1s divertido.<\/p>\n<p>Con eso en mente, cubramos la segunda parte del juego: la mesa.<\/p>\n<h3><span id=\"Rueda_de_la_ruleta_8211_La_mesa\"><strong>Rueda de la ruleta &#8211; La mesa<\/strong><\/span><\/h3>\n<p>La rueda es donde ocurre la acci\u00f3n, pero la mesa de la ruleta es el lugar donde usted, el jugador, hace sus apuestas. La mesa es s\u00f3lo una representaci\u00f3n de los n\u00fameros y todas las dem\u00e1s opciones para hacer apuestas, como apostar a los n\u00fameros del 1 al 18, apostar al color y m\u00e1s.<\/p>\n<p>Juegas a la ruleta haciendo apuestas a los n\u00fameros o a algunas de estas otras opciones, dependiendo de lo que creas que ocurrir\u00e1 en el giro. Naturalmente, cuanto m\u00e1s precisa sea tu apuesta, m\u00e1s posibilidades tienes de ganar. Por eso s\u00f3lo puedes doblar tu cantidad ganando en un color, y puedes obtener 36 veces tu cantidad inicial ganando en un n\u00famero espec\u00edfico.<\/p>\n<p>Como ya se ha mencionado, cuanto m\u00e1s precisa sea su apuesta, mayor ser\u00e1 el pago, pero las posibilidades de ganar se reducen progresivamente tambi\u00e9n.<\/p>\n<p>Adem\u00e1s, es importante saber que el borde de la casa es muy bajo con la ruleta:<\/p>\n<ul>\n<li>Ruleta Americana &#8211; La ventaja de la casa es de 5.26%.<\/li>\n<li>Ruleta Europea &#8211; El borde de la casa es 2.63%.<\/li>\n<\/ul>\n<h2><span id=\"Tipos_de_Ruleta\"><strong>Tipos de Ruleta<\/strong><\/span><\/h2>\n<p>Existen muchos juegos de ruleta por ah\u00ed, y los que se consiguen dependen del casino en l\u00ednea exacto al que se est\u00e1 jugando. Sin embargo, aunque parece que hay demasiadas variaciones de la ruleta, todos estos juegos pueden reducirse a unos pocos tipos de juego. Los tres principales gozan de una gran popularidad en todo el mundo, y algunos otros tambi\u00e9n los cubriremos.<\/p>\n<p><strong>Ruleta Europea<\/strong><\/p>\n<p>La Ruleta Europea es el tipo de ruleta m\u00e1s com\u00fan, la que usa 37 bolsillos con n\u00fameros del 0 al 36. Como la principal diferencia entre \u00e9sta y la ruleta americana es el cero, la ruleta europea es tambi\u00e9n llamada ruleta de un solo cero. Las probabilidades de ganar son las mejores en este tipo de ruleta precisamente porque hay un solo cero y por lo tanto un borde inferior de la casa. El juego se juega en todo el mundo, y especialmente en el famoso Monte Carlo.<\/p>\n<h3><span id=\"Ruleta_Americana\"><strong>Ruleta Americana<\/strong><\/span><\/h3>\n<p>La ruleta americana es relativamente similar a la europea, pero utiliza 38 bolsillos, con n\u00fameros que tambi\u00e9n van del 0 al 36, pero con el 00 a\u00f1adido. Por eso tambi\u00e9n se llama la ruleta de doble cero. Las apuestas que se pueden hacer son en su mayor\u00eda las mismas que en la variante europea, pero est\u00e1n dispuestas de forma un poco diferente en la mesa. El borde de la casa es el doble que el de la ruleta europea, pero sigue siendo muy popular en la mayor parte de Am\u00e9rica del Norte, y especialmente en Las Vegas.<\/p>\n<h3><span id=\"Ruleta_francesa\"><strong>Ruleta francesa<\/strong><\/span><\/h3>\n<p>La Ruleta Francesa usa los mismos 37 bolsillos que la variante europea, lo que significa que se ve igual, pero tambi\u00e9n tiene apuestas especiales que s\u00f3lo se pueden hacer aqu\u00ed. Estas tambi\u00e9n se llaman apuestas francesas, ya que todas tienen nombres franceses. Lo que tambi\u00e9n es interesante de este tipo de ruleta es el hecho de que algunos subtipos tienen una caracter\u00edstica en la que los jugadores recuperan parte de sus apuestas si la bola cae en el cero. Este tipo fue la primera forma de ruleta, y lleg\u00f3 a su fin en Montecarlo, pero hoy en d\u00eda, es jugada principalmente por grandes apostadores en Europa Oriental y Central.<\/p>\n<h3><span id=\"Ruleta_MultiRueda\"><strong>Ruleta MultiRueda<\/strong><\/span><\/h3>\n<p>La ruleta multirueda no es tan popular como los tres primeros tipos, pero es bastante emocionante ya que utiliza hasta seis ruedas al mismo tiempo! Por lo tanto, tienes m\u00e1s posibilidades de ganar en una sola ronda, y tienes la emoci\u00f3n a\u00f1adida de seguir m\u00e1s de una rueda al mismo tiempo. En la mayor\u00eda de los casos, hay dos ruedas, pero no importa su n\u00famero, todas tienen 37 bolsillos con los mismos n\u00fameros que la tradicional Ruleta Europea\/Francesa. Adem\u00e1s, si la bola cae en el 0 y no se ha apostado en ella, s\u00f3lo se pierde la mitad de la apuesta.<\/p>\n<h3><span id=\"Mini_Ruleta\"><strong>Mini Ruleta<\/strong><\/span><\/h3>\n<p>La Mini Ruleta es m\u00e1s o menos la misma que las variantes tradicionales, pero utiliza una rueda mucho m\u00e1s peque\u00f1a. Adem\u00e1s, la mesa es m\u00e1s peque\u00f1a, y hay menos opciones para apostar. Naturalmente, como hay menos opciones, las probabilidades de ganar tambi\u00e9n son menores. El tipo tiene s\u00f3lo 14 bolsillos, con n\u00fameros del 0 al 13, y los ratios de pago son por lo tanto m\u00e1s bajos, lo que le permite ganar 13 veces su apuesta inicial como m\u00e1ximo.<\/p>\n<h2><span id=\"Formas_de_jugar_a_la_ruleta_en_linea\"><strong>Formas de jugar a la ruleta en l\u00ednea<\/strong><\/span><\/h2>\n<p>Como es de esperar, la ruleta en l\u00ednea es muy popular en todo el mundo, por lo que se puede esperar jugar a la ruleta pr\u00e1cticamente en todos los casinos en l\u00ednea de Chile.<\/p>\n<p>Es m\u00e1s, puede esperar que todos estos casinos ofrezcan su tentadora versi\u00f3n de un bono de bienvenida al casino. Naturalmente, esto no significa que cada bono de bienvenida pueda ser utilizado en los juegos de la ruleta, pero todav\u00eda hay muchos casinos que lo ofrecen para jugar a la ruleta o a la ruleta con crupier en vivo.<\/p>\n<p>En la mayor\u00eda de los casos, el bono de bienvenida consistir\u00e1 en un 100% de bonificaci\u00f3n, pero tambi\u00e9n habr\u00e1 un bono ocasional sin dep\u00f3sito, que es esencialmente dinero gratis que puede utilizar para jugar a cualquier juego de casino o a uno espec\u00edfico.<\/p>\n<p>Adem\u00e1s del bono de bienvenida, un casino de la ruleta suele tener alg\u00fan tipo de bonos de recarga que se dan ocasionalmente y bonos de lealtad que te recompensan cuanto m\u00e1s juegas en el casino. Puedes jugar a la ruleta en l\u00ednea o a cualquier otro juego de casino para ganar puntos de lealtad y luego intercambiarlos por recompensas.<\/p>\n<p>Ahora, en cuanto a las plataformas que puedes usar para jugar a los mejores juegos de ruleta en l\u00ednea en Chile, hay muchas opciones tambi\u00e9n:<\/p>\n<ul>\n<li>Tel\u00e9fono\/tableta &#8211; Muchos sitios web de casinos en l\u00ednea se dirigen a los jugadores canadienses que quieren jugar en sus tel\u00e9fonos y tabletas. Es por eso que optimizan su plataforma para iOS y sistemas basados en Android. En la mayor\u00eda de los casos, se puede jugar a la ruleta a trav\u00e9s de un navegador m\u00f3vil, pero en algunos casos, el casino tendr\u00e1 una aplicaci\u00f3n dedicada.<\/li>\n<li>Ordenador port\u00e1til\/de escritorio &#8211; Muchos jugadores est\u00e1n acostumbrados a jugar a los <a href=\"https:\/\/www.betopin.com\/cl\/juegos-de-casinos\/\">juegos de casino<\/a> en sus PC y Mac, y puedes esperar obtener la misma experiencia con los juegos de la ruleta. Todos los sitios de casino en Chile pueden ser usados a trav\u00e9s de Chrome, Safari, Firefox, o Edge. Algunos incluso tienen software dedicado que puedes descargar a tu computadora.<\/li>\n<\/ul>\n<p>Cuando decides jugar a la ruleta en l\u00ednea en un casino, lo \u00fanico que te queda es elegir uno y empezar a jugar. Tendr\u00e1s que hacer un dep\u00f3sito o usar un bono de bienvenida que el casino ofrece.<\/p>\n<p>Entonces el siguiente paso es simple. Como has visto, jugar a la ruleta es bastante sencillo, no importa qu\u00e9 tipo o juego espec\u00edfico hayas elegido, ya que el concepto principal es el mismo.<\/p>\n<h3><span id=\"Ruleta_en_vivo\"><strong>Ruleta en vivo<\/strong><\/span><\/h3>\n<p>Para muchos aficionados a los casinos en l\u00ednea, la ruleta en vivo es el mejor juego de ruleta que pueden jugar. En esencia, la ruleta en vivo no es un tipo de ruleta, sino la forma en que se puede jugar a cualquier ruleta en l\u00ednea.<\/p>\n<p>Muchos casinos en l\u00ednea ofrecen la ruleta de croupier en vivo, que es la misma que cualquier otro juego de ruleta en l\u00ednea, con el agregado de un croupier en vivo que es una persona real que trabaja para el casino. El punto de la ruleta de croupier en vivo es el hecho de que usted obtiene una experiencia similar a la de estar en un casino real y f\u00edsico con todo el glamour y la emoci\u00f3n de colocar fichas reales y hablar con un croupier real.<\/p>\n<p>Con la ruleta de crupier en vivo en l\u00ednea, tienes la oportunidad de experimentar una gran parte de esa emoci\u00f3n desde tu casa, o incluso desde tu apuesta.<\/p>\n<p>En la mayor\u00eda de los casos, la ruleta de crupieres en vivo no es manejada por el casino, sino por el proveedor de software que tiene un trato con el casino. Tienen un crupier que trabaja en sus instalaciones, haciendo girar la rueda de la ruleta mientras todo el asunto se transmite en vivo a los jugadores de todo el mundo. Los proveedores de software m\u00e1s comunes de juegos de ruleta con crupier en vivo son Evolution Gaming y Ezugi.<\/p>\n<h2><span id=\"Ruleta_en_linea_8211_Conclusion\"><strong>Ruleta en l\u00ednea &#8211; Conclusion<\/strong><\/span><\/h2>\n<p>Con todo, cuando se trata de la ruleta en l\u00ednea, hay muchas opciones. Si quieres jugar con dinero real, puedes dirigirte a un casino en l\u00ednea de calidad en Chile, ya que hay muchos. La mayor\u00eda de ellos ofrecen todo tipo de juegos de ruleta, especialmente los tres m\u00e1s populares, y un mont\u00f3n de juegos de ruleta diferentes.<\/p>\n<p>Todo lo que tienes que hacer es elegir lo que quieres jugar. Esperamos que nuestras explicaciones hayan facilitado la comprensi\u00f3n de la ruleta a todos los que no han jugado y quieren empezar a hacerlo. En cuanto a los jugadores m\u00e1s avanzados, ciertamente hay algo que no sab\u00edan hasta ahora.<\/p>\n<p>Ahora es el momento de elegir un casino en l\u00ednea y empezar a jugar a la ruleta gratis o con dinero real!<\/p>\n<h2><span id=\"Preguntas_frecuentes\"><strong>Preguntas frecuentes<\/strong><\/span><\/h2>\n<h3><span id=\"Cuanto_debo_apostar_en_cada_giro\"><strong>\u00bfCu\u00e1nto debo apostar en cada giro?<\/strong><\/span><\/h3>\n<p>La cantidad de dinero real que decida apostar debe depender de cu\u00e1nto est\u00e1 dispuesto a perder y cu\u00e1l es su fondo de apuestas. No hay una cantidad espec\u00edfica de dinero real que necesites apostar para ganar en la ruleta ya que es un juego de azar, no un juego de habilidad o algo as\u00ed.<\/p>\n<p>Sin embargo, siempre es mejor empezar con las apuestas m\u00e1s bajas posibles y luego ir subiendo a medida que vayas adquiriendo m\u00e1s experiencia, asegur\u00e1ndote de que no apuestas m\u00e1s de lo que est\u00e1s dispuesto a perder.<\/p>\n<h3><span id=\"Tengo_que_jugar_a_la_ruleta_en_linea_con_dinero_real\"><strong>\u00bfTengo que jugar a la ruleta en l\u00ednea con dinero real?<\/strong><\/span><\/h3>\n<p>No, por supuesto que no. Muchos casinos en l\u00ednea le ofrecen la oportunidad de probar sus juegos de ruleta de forma gratuita. Si algunos casinos de ruleta no ofrecen esto, siempre puedes encontrar otro que s\u00ed lo haga. La mayor\u00eda de la gente juega gratis a la <a href=\"https:\/\/www.betopin.com\/cl\/juegos-de-casinos\/ruleta\/\">ruleta en l\u00ednea en Chile<\/a> para aprender y practicar el juego antes de optar por jugar de verdad con dinero real, y esto es lo que le aconsejamos hacer tambi\u00e9n.<\/p>\n<h3><span id=\"Cuantos_tipos_de_ruleta_hay\"><strong>\u00bfCu\u00e1ntos tipos de ruleta hay?<\/strong><\/span><\/h3>\n<p>Hay tres tipos principales de ruleta: la francesa, la europea y la americana. Adem\u00e1s de las tres, hay otras pocas, todas ellas descritas en nuestra gu\u00eda. Naturalmente, hay un mont\u00f3n de juegos de ruleta diferentes, todos los cuales pueden ser categorizados en uno de estos tipos principales.<\/p>\n<h3><span id=\"Que_es_el_sistema_Fibonacci_en_la_ruleta\"><strong>\u00bfQu\u00e9 es el sistema Fibonacci en la ruleta?<\/strong><\/span><\/h3>\n<p>El c\u00f3digo Fibonacci es el famoso c\u00f3digo num\u00e9rico que se crea a\u00f1adiendo los valores de los dos n\u00fameros anteriores para obtener uno nuevo y luego repitiendo el proceso. Por ejemplo, se ve as\u00ed: 1, 1, 2, 3, 5, 8,13, 21, 34.<\/p>\n<p>En la ruleta, el sistema Fibonacci funciona de manera similar, haciendo coincidir los n\u00fameros con las apuestas que haces y luego reiniciando la secuencia cuando ganas. Es una de las estrategias que los jugadores usan para ganar en la ruleta. Sin embargo, ten en cuenta que s\u00f3lo funciona si est\u00e1s listo para apostar mucho dinero en alg\u00fan momento cuando pierdes por muchas vueltas seguidas.<\/p>\n","protected":false},"excerpt":{"rendered":"<p>Contents1 Ruleta Online Chile1.1 Explicaci\u00f3n de la ruleta1.1.1 Ruleta &#8211; La Rueda1.1.2 Rueda de la ruleta &#8211; La mesa1.2 Tipos de Ruleta1.2.1 Ruleta Americana1.2.2 Ruleta francesa1.2.3 Ruleta MultiRueda1.2.4 Mini Ruleta1.3 Formas de jugar a la ruleta en l\u00ednea1.3.1 Ruleta en vivo1.4 Ruleta en l\u00ednea &#8211; Conclusion1.5 Preguntas frecuentes1.5.1 \u00bfCu\u00e1nto debo apostar en cada giro?1.5.2 \u00bfTengo &#8230; <\/p>\n<p class=\"read-more-container\"><a title=\"ruleta\" class=\"read-more button\" href=\"https:\/\/www.betopin.com\/cl\/juegos-de-casinos\/ruleta\/#more-754\">Read more<span class=\"screen-reader-text\">ruleta<\/span><\/a><\/p>\n","protected":false},"author":60,"featured_media":0,"parent":750,"menu_order":0,"comment_status":"closed","ping_status":"closed","template":"","meta":{"inline_featured_image":false,"speechkit_generate_audio":"","speechkit_project_id":"","speechkit_podcast_id":"","speechkit_hash":"","speechkit_access_key":"","speechkit_error_message":"","speechkit_disabled":"","speechkit_updated_at":"","publish_post_to_speechkit":"","speechkit_error":"","speechkit_info":"","speechkit_response":"","speechkit_retries":"","speechkit_status":"","_speechkit_disable_generate_audio":"","_speechkit_link":"","_speechkit_text":""},"acf":[],"yoast_head":"<!-- This site is optimized with the Yoast SEO Premium plugin v15.8.2 - https:\/\/yoast.com\/wordpress\/plugins\/seo\/ -->\n<title>ruleta - Betopin Chile<\/title>\n<meta name=\"robots\" content=\"index, follow, max-snippet:-1, max-image-preview:large, max-video-preview:-1\" \/>\n<link rel=\"canonical\" href=\"https:\/\/www.betopin.com\/cl\/juegos-de-casinos\/ruleta\/\" \/>\n<meta property=\"og:locale\" content=\"es_ES\" \/>\n<meta property=\"og:type\" content=\"article\" \/>\n<meta property=\"og:title\" content=\"ruleta - Betopin Chile\" \/>\n<meta property=\"og:description\" content=\"Contents1 Ruleta Online Chile1.1 Explicaci\u00f3n de la ruleta1.1.1 Ruleta &#8211; La Rueda1.1.2 Rueda de la ruleta &#8211; La mesa1.2 Tipos de Ruleta1.2.1 Ruleta Americana1.2.2 Ruleta francesa1.2.3 Ruleta MultiRueda1.2.4 Mini Ruleta1.3 Formas de jugar a la ruleta en l\u00ednea1.3.1 Ruleta en vivo1.4 Ruleta en l\u00ednea &#8211; Conclusion1.5 Preguntas frecuentes1.5.1 \u00bfCu\u00e1nto debo apostar en cada giro?1.5.2 \u00bfTengo ... Read moreruleta\" \/>\n<meta property=\"og:url\" content=\"https:\/\/www.betopin.com\/cl\/juegos-de-casinos\/ruleta\/\" \/>\n<meta property=\"og:site_name\" content=\"Betopin Chile\" \/>\n<meta property=\"article:published_time\" content=\"2020-05-19T13:44:18+00:00\" \/>\n<meta property=\"article:modified_time\" content=\"2020-08-04T10:16:08+00:00\" \/>\n<meta name=\"twitter:card\" content=\"summary_large_image\" \/>\n<meta name=\"twitter:label1\" content=\"Tiempo estimado de lectura\">\n\t<meta name=\"twitter:data1\" content=\"13 minutos\">\n<script type=\"application\/ld+json\" class=\"yoast-schema-graph\">{\"@context\":\"https:\/\/schema.org\",\"@graph\":[{\"@type\":\"WebSite\",\"@id\":\"https:\/\/www.betopin.com\/cl\/#website\",\"url\":\"https:\/\/www.betopin.com\/cl\/\",\"name\":\"Betopin Chile\",\"description\":\"Compare Betting Exchanges, Bookies, Bingo, Casino, Poker &amp; Sports Spread Betting Sites site\",\"potentialAction\":[{\"@type\":\"SearchAction\",\"target\":\"https:\/\/www.betopin.com\/cl\/?s={search_term_string}\",\"query-input\":\"required name=search_term_string\"}],\"inLanguage\":\"es-CL\"},{\"@type\":\"WebPage\",\"@id\":\"https:\/\/www.betopin.com\/cl\/juegos-de-casinos\/ruleta\/#webpage\",\"url\":\"https:\/\/www.betopin.com\/cl\/juegos-de-casinos\/ruleta\/\",\"name\":\"ruleta - Betopin Chile\",\"isPartOf\":{\"@id\":\"https:\/\/www.betopin.com\/cl\/#website\"},\"datePublished\":\"2020-05-19T13:44:18+00:00\",\"dateModified\":\"2020-08-04T10:16:08+00:00\",\"breadcrumb\":{\"@id\":\"https:\/\/www.betopin.com\/cl\/juegos-de-casinos\/ruleta\/#breadcrumb\"},\"inLanguage\":\"es-CL\",\"potentialAction\":[{\"@type\":\"ReadAction\",\"target\":[\"https:\/\/www.betopin.com\/cl\/juegos-de-casinos\/ruleta\/\"]}]},{\"@type\":\"BreadcrumbList\",\"@id\":\"https:\/\/www.betopin.com\/cl\/juegos-de-casinos\/ruleta\/#breadcrumb\",\"itemListElement\":[{\"@type\":\"ListItem\",\"position\":1,\"item\":{\"@type\":\"WebPage\",\"@id\":\"https:\/\/www.betopin.com\/cl\/\",\"url\":\"https:\/\/www.betopin.com\/cl\/\",\"name\":\"Home\"}},{\"@type\":\"ListItem\",\"position\":2,\"item\":{\"@type\":\"WebPage\",\"@id\":\"https:\/\/www.betopin.com\/cl\/juegos-de-casinos\/\",\"url\":\"https:\/\/www.betopin.com\/cl\/juegos-de-casinos\/\",\"name\":\"juegos-de-casinos\"}},{\"@type\":\"ListItem\",\"position\":3,\"item\":{\"@type\":\"WebPage\",\"@id\":\"https:\/\/www.betopin.com\/cl\/juegos-de-casinos\/ruleta\/\",\"url\":\"https:\/\/www.betopin.com\/cl\/juegos-de-casinos\/ruleta\/\",\"name\":\"ruleta\"}}]}]}<\/script>\n<!-- \/ Yoast SEO Premium plugin. -->","amp_enabled":true,"_links":{"self":[{"href":"https:\/\/www.betopin.com\/cl\/wp-json\/wp\/v2\/pages\/754"}],"collection":[{"href":"https:\/\/www.betopin.com\/cl\/wp-json\/wp\/v2\/pages"}],"about":[{"href":"https:\/\/www.betopin.com\/cl\/wp-json\/wp\/v2\/types\/page"}],"author":[{"embeddable":true,"href":"https:\/\/www.betopin.com\/cl\/wp-json\/wp\/v2\/users\/60"}],"replies":[{"embeddable":true,"href":"https:\/\/www.betopin.com\/cl\/wp-json\/wp\/v2\/comments?post=754"}],"version-history":[{"count":3,"href":"https:\/\/www.betopin.com\/cl\/wp-json\/wp\/v2\/pages\/754\/revisions"}],"predecessor-version":[{"id":981,"href":"https:\/\/www.betopin.com\/cl\/wp-json\/wp\/v2\/pages\/754\/revisions\/981"}],"up":[{"embeddable":true,"href":"https:\/\/www.betopin.com\/cl\/wp-json\/wp\/v2\/pages\/750"}],"wp:attachment":[{"href":"https:\/\/www.betopin.com\/cl\/wp-json\/wp\/v2\/media?parent=754"}],"curies":[{"name":"wp","href":"https:\/\/api.w.org\/{rel}","templated":true}]}}